{"id":2982,"date":"2020-07-30T18:43:56","date_gmt":"2020-07-30T16:43:56","guid":{"rendered":"https:\/\/www.sunvalbabyfood.com\/qualitaet-und-sicherheit\/"},"modified":"2025-01-15T16:12:43","modified_gmt":"2025-01-15T15:12:43","slug":"quality-and-safety","status":"publish","type":"page","link":"https:\/\/www.sunvalbabyfood.com\/en\/quality-and-safety\/","title":{"rendered":"Quality and Safety"},"content":{"rendered":"","protected":false},"excerpt":{"rendered":"","protected":false},"author":1,"featured_media":0,"parent":0,"menu_order":400,"comment_status":"closed","ping_status":"closed","template":"","meta":{"footnotes":""},"class_list":["post-2982","page","type-page","status-publish","hentry"],"yoast_head":"<!-- This site is optimized with the Yoast SEO plugin v27.5 - https:\/\/yoast.com\/product\/yoast-seo-wordpress\/ -->\n<title>Glaskost aus biologischer Rohware - Sunval Baby Food<\/title>\n<meta name=\"description\" content=\"Sunval Baby Food, einer der f\u00fchrenden europ\u00e4ischen Hersteller f\u00fcr Baby- und Kleinkindnahrung, ist Spezialist f\u00fcr Glaskost aus biologischer Rohware.\" \/>\n<meta name=\"robots\" content=\"index, follow, max-snippet:-1, max-image-preview:large, max-video-preview:-1\" \/>\n<link rel=\"canonical\" href=\"https:\/\/www.sunvalbabyfood.com\/en\/quality-and-safety\/\" \/>\n<meta property=\"og:locale\" content=\"en_US\" \/>\n<meta property=\"og:type\" content=\"article\" \/>\n<meta property=\"og:title\" content=\"Glaskost aus biologischer Rohware - Sunval Baby Food\" \/>\n<meta property=\"og:description\" content=\"Sunval Baby Food, einer der f\u00fchrenden europ\u00e4ischen Hersteller f\u00fcr Baby- und Kleinkindnahrung, ist Spezialist f\u00fcr Glaskost aus biologischer Rohware.\" \/>\n<meta property=\"og:url\" content=\"https:\/\/www.sunvalbabyfood.com\/en\/quality-and-safety\/\" \/>\n<meta property=\"og:site_name\" content=\"Sunval Baby Food GmbH\" \/>\n<meta property=\"article:modified_time\" content=\"2025-01-15T15:12:43+00:00\" \/>\n<meta name=\"twitter:card\" content=\"summary_large_image\" \/>\n<script type=\"application\/ld+json\" class=\"yoast-schema-graph\">{\"@context\":\"https:\\\/\\\/schema.org\",\"@graph\":[{\"@type\":\"WebPage\",\"@id\":\"https:\\\/\\\/www.sunvalbabyfood.com\\\/en\\\/quality-and-safety\\\/\",\"url\":\"https:\\\/\\\/www.sunvalbabyfood.com\\\/en\\\/quality-and-safety\\\/\",\"name\":\"Glaskost aus biologischer Rohware - Sunval Baby Food\",\"isPartOf\":{\"@id\":\"https:\\\/\\\/www.sunvalbabyfood.com\\\/en\\\/#website\"},\"datePublished\":\"2020-07-30T16:43:56+00:00\",\"dateModified\":\"2025-01-15T15:12:43+00:00\",\"description\":\"Sunval Baby Food, einer der f\u00fchrenden europ\u00e4ischen Hersteller f\u00fcr Baby- und Kleinkindnahrung, ist Spezialist f\u00fcr Glaskost aus biologischer Rohware.\",\"breadcrumb\":{\"@id\":\"https:\\\/\\\/www.sunvalbabyfood.com\\\/en\\\/quality-and-safety\\\/#breadcrumb\"},\"inLanguage\":\"en-US\",\"potentialAction\":[{\"@type\":\"ReadAction\",\"target\":[\"https:\\\/\\\/www.sunvalbabyfood.com\\\/en\\\/quality-and-safety\\\/\"]}]},{\"@type\":\"BreadcrumbList\",\"@id\":\"https:\\\/\\\/www.sunvalbabyfood.com\\\/en\\\/quality-and-safety\\\/#breadcrumb\",\"itemListElement\":[{\"@type\":\"ListItem\",\"position\":1,\"name\":\"Startseite\",\"item\":\"https:\\\/\\\/www.sunvalbabyfood.com\\\/en\\\/\"},{\"@type\":\"ListItem\",\"position\":2,\"name\":\"Quality and Safety\"}]},{\"@type\":\"WebSite\",\"@id\":\"https:\\\/\\\/www.sunvalbabyfood.com\\\/en\\\/#website\",\"url\":\"https:\\\/\\\/www.sunvalbabyfood.com\\\/en\\\/\",\"name\":\"Sunval Baby Food GmbH\",\"description\":\"S\u00e4uglingsmilch- und Babynahrung\",\"publisher\":{\"@id\":\"https:\\\/\\\/www.sunvalbabyfood.com\\\/en\\\/#organization\"},\"potentialAction\":[{\"@type\":\"SearchAction\",\"target\":{\"@type\":\"EntryPoint\",\"urlTemplate\":\"https:\\\/\\\/www.sunvalbabyfood.com\\\/en\\\/?s={search_term_string}\"},\"query-input\":{\"@type\":\"PropertyValueSpecification\",\"valueRequired\":true,\"valueName\":\"search_term_string\"}}],\"inLanguage\":\"en-US\"},{\"@type\":\"Organization\",\"@id\":\"https:\\\/\\\/www.sunvalbabyfood.com\\\/en\\\/#organization\",\"name\":\"Sunval Baby Food GmbH\",\"url\":\"https:\\\/\\\/www.sunvalbabyfood.com\\\/en\\\/\",\"logo\":{\"@type\":\"ImageObject\",\"inLanguage\":\"en-US\",\"@id\":\"https:\\\/\\\/www.sunvalbabyfood.com\\\/en\\\/#\\\/schema\\\/logo\\\/image\\\/\",\"url\":\"https:\\\/\\\/www.sunvalbabyfood.com\\\/wp-content\\\/uploads\\\/2020\\\/02\\\/sunval-baby-food-logo-1.png\",\"contentUrl\":\"https:\\\/\\\/www.sunvalbabyfood.com\\\/wp-content\\\/uploads\\\/2020\\\/02\\\/sunval-baby-food-logo-1.png\",\"width\":200,\"height\":108,\"caption\":\"Sunval Baby Food GmbH\"},\"image\":{\"@id\":\"https:\\\/\\\/www.sunvalbabyfood.com\\\/en\\\/#\\\/schema\\\/logo\\\/image\\\/\"}}]}<\/script>\n<!-- \/ Yoast SEO plugin. -->","yoast_head_json":{"title":"Glaskost aus biologischer Rohware - Sunval Baby Food","description":"Sunval Baby Food, einer der f\u00fchrenden europ\u00e4ischen Hersteller f\u00fcr Baby- und Kleinkindnahrung, ist Spezialist f\u00fcr Glaskost aus biologischer Rohware.","robots":{"index":"index","follow":"follow","max-snippet":"max-snippet:-1","max-image-preview":"max-image-preview:large","max-video-preview":"max-video-preview:-1"},"canonical":"https:\/\/www.sunvalbabyfood.com\/en\/quality-and-safety\/","og_locale":"en_US","og_type":"article","og_title":"Glaskost aus biologischer Rohware - Sunval Baby Food","og_description":"Sunval Baby Food, einer der f\u00fchrenden europ\u00e4ischen Hersteller f\u00fcr Baby- und Kleinkindnahrung, ist Spezialist f\u00fcr Glaskost aus biologischer Rohware.","og_url":"https:\/\/www.sunvalbabyfood.com\/en\/quality-and-safety\/","og_site_name":"Sunval Baby Food GmbH","article_modified_time":"2025-01-15T15:12:43+00:00","twitter_card":"summary_large_image","schema":{"@context":"https:\/\/schema.org","@graph":[{"@type":"WebPage","@id":"https:\/\/www.sunvalbabyfood.com\/en\/quality-and-safety\/","url":"https:\/\/www.sunvalbabyfood.com\/en\/quality-and-safety\/","name":"Glaskost aus biologischer Rohware - Sunval Baby Food","isPartOf":{"@id":"https:\/\/www.sunvalbabyfood.com\/en\/#website"},"datePublished":"2020-07-30T16:43:56+00:00","dateModified":"2025-01-15T15:12:43+00:00","description":"Sunval Baby Food, einer der f\u00fchrenden europ\u00e4ischen Hersteller f\u00fcr Baby- und Kleinkindnahrung, ist Spezialist f\u00fcr Glaskost aus biologischer Rohware.","breadcrumb":{"@id":"https:\/\/www.sunvalbabyfood.com\/en\/quality-and-safety\/#breadcrumb"},"inLanguage":"en-US","potentialAction":[{"@type":"ReadAction","target":["https:\/\/www.sunvalbabyfood.com\/en\/quality-and-safety\/"]}]},{"@type":"BreadcrumbList","@id":"https:\/\/www.sunvalbabyfood.com\/en\/quality-and-safety\/#breadcrumb","itemListElement":[{"@type":"ListItem","position":1,"name":"Startseite","item":"https:\/\/www.sunvalbabyfood.com\/en\/"},{"@type":"ListItem","position":2,"name":"Quality and Safety"}]},{"@type":"WebSite","@id":"https:\/\/www.sunvalbabyfood.com\/en\/#website","url":"https:\/\/www.sunvalbabyfood.com\/en\/","name":"Sunval Baby Food GmbH","description":"S\u00e4uglingsmilch- und Babynahrung","publisher":{"@id":"https:\/\/www.sunvalbabyfood.com\/en\/#organization"},"potentialAction":[{"@type":"SearchAction","target":{"@type":"EntryPoint","urlTemplate":"https:\/\/www.sunvalbabyfood.com\/en\/?s={search_term_string}"},"query-input":{"@type":"PropertyValueSpecification","valueRequired":true,"valueName":"search_term_string"}}],"inLanguage":"en-US"},{"@type":"Organization","@id":"https:\/\/www.sunvalbabyfood.com\/en\/#organization","name":"Sunval Baby Food GmbH","url":"https:\/\/www.sunvalbabyfood.com\/en\/","logo":{"@type":"ImageObject","inLanguage":"en-US","@id":"https:\/\/www.sunvalbabyfood.com\/en\/#\/schema\/logo\/image\/","url":"https:\/\/www.sunvalbabyfood.com\/wp-content\/uploads\/2020\/02\/sunval-baby-food-logo-1.png","contentUrl":"https:\/\/www.sunvalbabyfood.com\/wp-content\/uploads\/2020\/02\/sunval-baby-food-logo-1.png","width":200,"height":108,"caption":"Sunval Baby Food GmbH"},"image":{"@id":"https:\/\/www.sunvalbabyfood.com\/en\/#\/schema\/logo\/image\/"}}]}},"_links":{"self":[{"href":"https:\/\/www.sunvalbabyfood.com\/en\/wp-json\/wp\/v2\/pages\/2982","targetHints":{"allow":["GET"]}}],"collection":[{"href":"https:\/\/www.sunvalbabyfood.com\/en\/wp-json\/wp\/v2\/pages"}],"about":[{"href":"https:\/\/www.sunvalbabyfood.com\/en\/wp-json\/wp\/v2\/types\/page"}],"author":[{"embeddable":true,"href":"https:\/\/www.sunvalbabyfood.com\/en\/wp-json\/wp\/v2\/users\/1"}],"replies":[{"embeddable":true,"href":"https:\/\/www.sunvalbabyfood.com\/en\/wp-json\/wp\/v2\/comments?post=2982"}],"version-history":[{"count":1,"href":"https:\/\/www.sunvalbabyfood.com\/en\/wp-json\/wp\/v2\/pages\/2982\/revisions"}],"predecessor-version":[{"id":3143,"href":"https:\/\/www.sunvalbabyfood.com\/en\/wp-json\/wp\/v2\/pages\/2982\/revisions\/3143"}],"wp:attachment":[{"href":"https:\/\/www.sunvalbabyfood.com\/en\/wp-json\/wp\/v2\/media?parent=2982"}],"curies":[{"name":"wp","href":"https:\/\/api.w.org\/{rel}","templated":true}]}}